{"id":7,"date":"2023-01-26T13:32:45","date_gmt":"2023-01-26T13:32:45","guid":{"rendered":"http:\/\/cedep.cl\/jnazard\/?page_id=7"},"modified":"2023-02-20T14:50:42","modified_gmt":"2023-02-20T14:50:42","slug":"jorge-nazar-diaz","status":"publish","type":"page","link":"https:\/\/cedep.cl\/jnazard\/","title":{"rendered":"Jorge Nazar D\u00edaz"},"content":{"rendered":"\t\t<div data-elementor-type=\"wp-page\" data-elementor-id=\"7\" class=\"elementor elementor-7\">\n\t\t\t\t\t\t<div class=\"elementor-inner\">\n\t\t\t\t<div class=\"elementor-section-wrap\">\n\t\t\t\t\t\t\t\t\t<section class=\"elementor-section elementor-top-section elementor-element elementor-element-960162e elementor-section-boxed elementor-section-height-default elementor-section-height-default\" data-id=\"960162e\" data-element_type=\"section\" data-settings=\"{&quot;background_background&quot;:&quot;classic&quot;}\">\n\t\t\t\t\t\t<div class=\"elementor-container elementor-column-gap-default\">\n\t\t\t\t\t\t\t<div class=\"elementor-row\">\n\t\t\t\t\t<div class=\"elementor-column elementor-col-100 elementor-top-column elementor-element elementor-element-f475fff\" data-id=\"f475fff\" data-element_type=\"column\">\n\t\t\t<div class=\"elementor-column-wrap elementor-element-populated\">\n\t\t\t\t\t\t\t<div class=\"elementor-widget-wrap\">\n\t\t\t\t\t\t<section class=\"elementor-section elementor-inner-section elementor-element elementor-element-c01e5e0 elementor-section-full_width elementor-section-height-default elementor-section-height-default\" data-id=\"c01e5e0\" data-element_type=\"section\">\n\t\t\t\t\t\t<div class=\"elementor-container elementor-column-gap-wider\">\n\t\t\t\t\t\t\t<div class=\"elementor-row\">\n\t\t\t\t\t<div class=\"elementor-column elementor-col-50 elementor-inner-column elementor-element elementor-element-62c37e6\" data-id=\"62c37e6\" data-element_type=\"column\">\n\t\t\t<div class=\"elementor-column-wrap elementor-element-populated\">\n\t\t\t\t\t\t\t<div class=\"elementor-widget-wrap\">\n\t\t\t\t\t\t<div class=\"elementor-element elementor-element-111c0d5 elementor-widget elementor-widget-image\" data-id=\"111c0d5\" data-element_type=\"widget\" data-widget_type=\"image.default\">\n\t\t\t\t<div class=\"elementor-widget-container\">\n\t\t\t\t\t\t\t\t<div class=\"elementor-image\">\n\t\t\t\t\t\t\t\t\t\t\t\t<img loading=\"lazy\" decoding=\"async\" width=\"460\" height=\"460\" src=\"https:\/\/cedep.cl\/jnazard\/wp-content\/uploads\/2023\/02\/JN.png\" class=\"attachment-full size-full wp-image-139\" alt=\"\" srcset=\"https:\/\/cedep.cl\/jnazard\/wp-content\/uploads\/2023\/02\/JN.png 460w, https:\/\/cedep.cl\/jnazard\/wp-content\/uploads\/2023\/02\/JN-300x300.png 300w, https:\/\/cedep.cl\/jnazard\/wp-content\/uploads\/2023\/02\/JN-150x150.png 150w\" sizes=\"auto, (max-width: 460px) 100vw, 460px\" \/>\t\t\t\t\t\t\t\t\t\t\t\t\t\t<\/div>\n\t\t\t\t\t\t<\/div>\n\t\t\t\t<\/div>\n\t\t\t\t\t\t<\/div>\n\t\t\t\t\t<\/div>\n\t\t<\/div>\n\t\t\t\t<div class=\"elementor-column elementor-col-50 elementor-inner-column elementor-element elementor-element-62bb398\" data-id=\"62bb398\" data-element_type=\"column\">\n\t\t\t<div class=\"elementor-column-wrap elementor-element-populated\">\n\t\t\t\t\t\t\t<div class=\"elementor-widget-wrap\">\n\t\t\t\t\t\t<div class=\"elementor-element elementor-element-662cac1 elementor-widget elementor-widget-heading\" data-id=\"662cac1\" data-element_type=\"widget\" data-widget_type=\"heading.default\">\n\t\t\t\t<div class=\"elementor-widget-container\">\n\t\t\t<h2 class=\"elementor-heading-title elementor-size-default\">Jorge Nazar D\u00edaz<\/h2>\t\t<\/div>\n\t\t\t\t<\/div>\n\t\t\t\t<div class=\"elementor-element elementor-element-3e02585 elementor-widget elementor-widget-text-editor\" data-id=\"3e02585\" data-element_type=\"widget\" data-widget_type=\"text-editor.default\">\n\t\t\t\t<div class=\"elementor-widget-container\">\n\t\t\t\t\t\t\t\t<div class=\"elementor-text-editor elementor-clearfix\">\n\t\t\t\t<ul><li>Socio Centro de Estudios del Deporte CEDEP<\/li><li>Socio Director Ejecutivo en i+i Atomica<\/li><li>Profesor Invitado &#8211; ICEI Universidad de Chile<\/li><li>Director Ejecutivo &#8211; Fundaci\u00f3n M\u00e1s Industria Audiovisual<\/li><\/ul>\t\t\t\t\t<\/div>\n\t\t\t\t\t\t<\/div>\n\t\t\t\t<\/div>\n\t\t\t\t<div class=\"elementor-element elementor-element-5d07b20 elementor-icon-list--layout-inline elementor-mobile-align-center elementor-list-item-link-full_width elementor-widget elementor-widget-icon-list\" data-id=\"5d07b20\" data-element_type=\"widget\" data-widget_type=\"icon-list.default\">\n\t\t\t\t<div class=\"elementor-widget-container\">\n\t\t\t\t\t<ul class=\"elementor-icon-list-items elementor-inline-items\">\n\t\t\t\t\t\t\t<li class=\"elementor-icon-list-item elementor-inline-item\">\n\t\t\t\t\t\t\t\t\t\t\t<a href=\"tel:+56961102226\">\n\n\t\t\t\t\t\t\t\t\t\t\t\t<span class=\"elementor-icon-list-icon\">\n\t\t\t\t\t\t\t<i aria-hidden=\"true\" class=\"fas fa-phone-volume\"><\/i>\t\t\t\t\t\t<\/span>\n\t\t\t\t\t\t\t\t\t\t<span class=\"elementor-icon-list-text\">+56 9 6110 2226<\/span>\n\t\t\t\t\t\t\t\t\t\t\t<\/a>\n\t\t\t\t\t\t\t\t\t<\/li>\n\t\t\t\t\t\t\t\t<li class=\"elementor-icon-list-item elementor-inline-item\">\n\t\t\t\t\t\t\t\t\t\t\t<a href=\"mailto:%20jnazar@cedep.cl\">\n\n\t\t\t\t\t\t\t\t\t\t\t\t<span class=\"elementor-icon-list-icon\">\n\t\t\t\t\t\t\t<i aria-hidden=\"true\" class=\"fas fa-envelope\"><\/i>\t\t\t\t\t\t<\/span>\n\t\t\t\t\t\t\t\t\t\t<span class=\"elementor-icon-list-text\"> jnazar@cedep.cl<\/span>\n\t\t\t\t\t\t\t\t\t\t\t<\/a>\n\t\t\t\t\t\t\t\t\t<\/li>\n\t\t\t\t\t\t\t\t<li class=\"elementor-icon-list-item elementor-inline-item\">\n\t\t\t\t\t\t\t\t\t\t\t<a href=\"https:\/\/cedep.cl\/\">\n\n\t\t\t\t\t\t\t\t\t\t\t\t<span class=\"elementor-icon-list-icon\">\n\t\t\t\t\t\t\t<i aria-hidden=\"true\" class=\"fab fa-dribbble\"><\/i>\t\t\t\t\t\t<\/span>\n\t\t\t\t\t\t\t\t\t\t<span class=\"elementor-icon-list-text\">cedep.cl<\/span>\n\t\t\t\t\t\t\t\t\t\t\t<\/a>\n\t\t\t\t\t\t\t\t\t<\/li>\n\t\t\t\t\t\t<\/ul>\n\t\t\t\t<\/div>\n\t\t\t\t<\/div>\n\t\t\t\t\t\t<\/div>\n\t\t\t\t\t<\/div>\n\t\t<\/div>\n\t\t\t\t\t\t\t\t<\/div>\n\t\t\t\t\t<\/div>\n\t\t<\/section>\n\t\t\t\t\t\t<\/div>\n\t\t\t\t\t<\/div>\n\t\t<\/div>\n\t\t\t\t\t\t\t\t<\/div>\n\t\t\t\t\t<\/div>\n\t\t<\/section>\n\t\t\t\t<section class=\"elementor-section elementor-top-section elementor-element elementor-element-b09339f elementor-section-boxed elementor-section-height-default elementor-section-height-default\" data-id=\"b09339f\" data-element_type=\"section\">\n\t\t\t\t\t\t<div class=\"elementor-container elementor-column-gap-default\">\n\t\t\t\t\t\t\t<div class=\"elementor-row\">\n\t\t\t\t\t<div class=\"elementor-column elementor-col-100 elementor-top-column elementor-element elementor-element-cbd68d5\" data-id=\"cbd68d5\" data-element_type=\"column\">\n\t\t\t<div class=\"elementor-column-wrap elementor-element-populated\">\n\t\t\t\t\t\t\t<div class=\"elementor-widget-wrap\">\n\t\t\t\t\t\t<div class=\"elementor-element elementor-element-769fef4 elementor-widget elementor-widget-text-editor\" data-id=\"769fef4\" data-element_type=\"widget\" data-widget_type=\"text-editor.default\">\n\t\t\t\t<div class=\"elementor-widget-container\">\n\t\t\t\t\t\t\t\t<div class=\"elementor-text-editor elementor-clearfix\">\n\t\t\t\t<p>Me dedico a las Comunicaciones Estrat\u00e9gicas. Llevo m\u00e1s de 24 a\u00f1os de experiencia gerencial, editorial y de producci\u00f3n en empresas, medios, gabinetes, consultoras y agencias de comunicaci\u00f3n y marketing, tanto en el \u00e1mbito p\u00fablico como privado. Conozco ambos mundos y s\u00e9 c\u00f3mo linkearlos. <br \/>Con mi formaci\u00f3n y experiencia he contribuido a que la comunicaci\u00f3n sea una herramienta de gesti\u00f3n en los proyectos en que he participado, con estrategias, pol\u00edticas y acciones comunicacionales que proyectan la identidad de la empresa, para transformar su imagen y su relaci\u00f3n con el entorno (interno y externo) en una ventaja competitiva. Lidero equipos, me integro a proyectos, potencio el trabajo com\u00fan. Las RRSS y la inteligencia artificial son cardinales en las comunicaciones de hoy.<\/p>\t\t\t\t\t<\/div>\n\t\t\t\t\t\t<\/div>\n\t\t\t\t<\/div>\n\t\t\t\t<div class=\"elementor-element elementor-element-14c94f7 elementor-widget elementor-widget-text-editor\" data-id=\"14c94f7\" data-element_type=\"widget\" data-widget_type=\"text-editor.default\">\n\t\t\t\t<div class=\"elementor-widget-container\">\n\t\t\t\t\t\t\t\t<div class=\"elementor-text-editor elementor-clearfix\">\n\t\t\t\t<div class=\"display-flex align-items-center\">Socio Centro de Estudios del Deporte CEDEP<\/div>\t\t\t\t\t<\/div>\n\t\t\t\t\t\t<\/div>\n\t\t\t\t<\/div>\n\t\t\t\t<div class=\"elementor-element elementor-element-f92d7e1 elementor-widget elementor-widget-text-editor\" data-id=\"f92d7e1\" data-element_type=\"widget\" data-widget_type=\"text-editor.default\">\n\t\t\t\t<div class=\"elementor-widget-container\">\n\t\t\t\t\t\t\t\t<div class=\"elementor-text-editor elementor-clearfix\">\n\t\t\t\t<div class=\"display-flex align-items-center\">Socio Director Ejecutivo en i+i At\u00f3mica<\/div>\t\t\t\t\t<\/div>\n\t\t\t\t\t\t<\/div>\n\t\t\t\t<\/div>\n\t\t\t\t<div class=\"elementor-element elementor-element-4dec40d elementor-widget elementor-widget-text-editor\" data-id=\"4dec40d\" data-element_type=\"widget\" data-widget_type=\"text-editor.default\">\n\t\t\t\t<div class=\"elementor-widget-container\">\n\t\t\t\t\t\t\t\t<div class=\"elementor-text-editor elementor-clearfix\">\n\t\t\t\t<div class=\"display-flex align-items-center\">Director Ejecutivo &#8211; Fundaci\u00f3n M\u00e1s Industria Audiovisual<\/div>\t\t\t\t\t<\/div>\n\t\t\t\t\t\t<\/div>\n\t\t\t\t<\/div>\n\t\t\t\t<div class=\"elementor-element elementor-element-e2f147d elementor-widget elementor-widget-text-editor\" data-id=\"e2f147d\" data-element_type=\"widget\" data-widget_type=\"text-editor.default\">\n\t\t\t\t<div class=\"elementor-widget-container\">\n\t\t\t\t\t\t\t\t<div class=\"elementor-text-editor elementor-clearfix\">\n\t\t\t\t<div class=\"display-flex align-items-center\">\n<div class=\"display-flex align-items-center\">Profesor Invitado &#8211; ICEI Universidad de Chile<\/div>\n<\/div>\t\t\t\t\t<\/div>\n\t\t\t\t\t\t<\/div>\n\t\t\t\t<\/div>\n\t\t\t\t\t\t<\/div>\n\t\t\t\t\t<\/div>\n\t\t<\/div>\n\t\t\t\t\t\t\t\t<\/div>\n\t\t\t\t\t<\/div>\n\t\t<\/section>\n\t\t\t\t<section class=\"elementor-section elementor-top-section elementor-element elementor-element-da44bc5 elementor-section-boxed elementor-section-height-default elementor-section-height-default\" data-id=\"da44bc5\" data-element_type=\"section\">\n\t\t\t\t\t\t<div class=\"elementor-container elementor-column-gap-default\">\n\t\t\t\t\t\t\t<div class=\"elementor-row\">\n\t\t\t\t\t<div class=\"elementor-column elementor-col-100 elementor-top-column elementor-element elementor-element-8210431\" data-id=\"8210431\" data-element_type=\"column\">\n\t\t\t<div class=\"elementor-column-wrap elementor-element-populated\">\n\t\t\t\t\t\t\t<div class=\"elementor-widget-wrap\">\n\t\t\t\t\t\t<div class=\"elementor-element elementor-element-5b8a83a elementor-widget elementor-widget-image\" data-id=\"5b8a83a\" data-element_type=\"widget\" data-widget_type=\"image.default\">\n\t\t\t\t<div class=\"elementor-widget-container\">\n\t\t\t\t\t\t\t\t<div class=\"elementor-image\">\n\t\t\t\t\t\t\t\t\t\t\t\t\t<a href=\"https:\/\/www.cedep.cl\/\">\n\t\t\t\t\t\t\t<img loading=\"lazy\" decoding=\"async\" width=\"300\" height=\"295\" src=\"https:\/\/cedep.cl\/jnazard\/wp-content\/uploads\/2023\/01\/logo-cedep-WEB-300x295.png\" class=\"attachment-medium size-medium wp-image-62\" alt=\"\" srcset=\"https:\/\/cedep.cl\/jnazard\/wp-content\/uploads\/2023\/01\/logo-cedep-WEB-300x295.png 300w, https:\/\/cedep.cl\/jnazard\/wp-content\/uploads\/2023\/01\/logo-cedep-WEB-1024x1009.png 1024w, https:\/\/cedep.cl\/jnazard\/wp-content\/uploads\/2023\/01\/logo-cedep-WEB-768x756.png 768w, https:\/\/cedep.cl\/jnazard\/wp-content\/uploads\/2023\/01\/logo-cedep-WEB-1536x1513.png 1536w, https:\/\/cedep.cl\/jnazard\/wp-content\/uploads\/2023\/01\/logo-cedep-WEB-2048x2017.png 2048w\" sizes=\"auto, (max-width: 300px) 100vw, 300px\" \/>\t\t\t\t\t\t\t\t<\/a>\n\t\t\t\t\t\t\t\t\t\t\t\t\t\t<\/div>\n\t\t\t\t\t\t<\/div>\n\t\t\t\t<\/div>\n\t\t\t\t\t\t<\/div>\n\t\t\t\t\t<\/div>\n\t\t<\/div>\n\t\t\t\t\t\t\t\t<\/div>\n\t\t\t\t\t<\/div>\n\t\t<\/section>\n\t\t\t\t<section class=\"elementor-section elementor-top-section elementor-element elementor-element-9bca86c elementor-section-boxed elementor-section-height-default elementor-section-height-default\" data-id=\"9bca86c\" data-element_type=\"section\">\n\t\t\t\t\t\t<div class=\"elementor-container elementor-column-gap-default\">\n\t\t\t\t\t\t\t<div class=\"elementor-row\">\n\t\t\t\t\t<div class=\"elementor-column elementor-col-33 elementor-top-column elementor-element elementor-element-9eeaf32\" data-id=\"9eeaf32\" data-element_type=\"column\">\n\t\t\t<div class=\"elementor-column-wrap elementor-element-populated\">\n\t\t\t\t\t\t\t<div class=\"elementor-widget-wrap\">\n\t\t\t\t\t\t<div class=\"elementor-element elementor-element-d0b4418 elementor-view-default elementor-widget elementor-widget-icon\" data-id=\"d0b4418\" data-element_type=\"widget\" data-widget_type=\"icon.default\">\n\t\t\t\t<div class=\"elementor-widget-container\">\n\t\t\t\t\t<div class=\"elementor-icon-wrapper\">\n\t\t\t<a class=\"elementor-icon\" href=\"https:\/\/www.instagram.com\/cedepchile\/\">\n\t\t\t<i aria-hidden=\"true\" class=\"fab fa-instagram\"><\/i>\t\t\t<\/a>\n\t\t<\/div>\n\t\t\t\t<\/div>\n\t\t\t\t<\/div>\n\t\t\t\t\t\t<\/div>\n\t\t\t\t\t<\/div>\n\t\t<\/div>\n\t\t\t\t<div class=\"elementor-column elementor-col-33 elementor-top-column elementor-element elementor-element-5de2bab\" data-id=\"5de2bab\" data-element_type=\"column\">\n\t\t\t<div class=\"elementor-column-wrap elementor-element-populated\">\n\t\t\t\t\t\t\t<div class=\"elementor-widget-wrap\">\n\t\t\t\t\t\t<div class=\"elementor-element elementor-element-c1def7e elementor-view-default elementor-widget elementor-widget-icon\" data-id=\"c1def7e\" data-element_type=\"widget\" data-widget_type=\"icon.default\">\n\t\t\t\t<div class=\"elementor-widget-container\">\n\t\t\t\t\t<div class=\"elementor-icon-wrapper\">\n\t\t\t<a class=\"elementor-icon\" href=\"https:\/\/twitter.com\/home\">\n\t\t\t<i aria-hidden=\"true\" class=\"fab fa-twitter\"><\/i>\t\t\t<\/a>\n\t\t<\/div>\n\t\t\t\t<\/div>\n\t\t\t\t<\/div>\n\t\t\t\t\t\t<\/div>\n\t\t\t\t\t<\/div>\n\t\t<\/div>\n\t\t\t\t<div class=\"elementor-column elementor-col-33 elementor-top-column elementor-element elementor-element-9f0546b\" data-id=\"9f0546b\" data-element_type=\"column\">\n\t\t\t<div class=\"elementor-column-wrap elementor-element-populated\">\n\t\t\t\t\t\t\t<div class=\"elementor-widget-wrap\">\n\t\t\t\t\t\t<div class=\"elementor-element elementor-element-2d05e70 elementor-view-default elementor-widget elementor-widget-icon\" data-id=\"2d05e70\" data-element_type=\"widget\" data-widget_type=\"icon.default\">\n\t\t\t\t<div class=\"elementor-widget-container\">\n\t\t\t\t\t<div class=\"elementor-icon-wrapper\">\n\t\t\t<a class=\"elementor-icon\" href=\"https:\/\/www.linkedin.com\/company\/cedepchile\/\">\n\t\t\t<i aria-hidden=\"true\" class=\"fab fa-linkedin-in\"><\/i>\t\t\t<\/a>\n\t\t<\/div>\n\t\t\t\t<\/div>\n\t\t\t\t<\/div>\n\t\t\t\t\t\t<\/div>\n\t\t\t\t\t<\/div>\n\t\t<\/div>\n\t\t\t\t\t\t\t\t<\/div>\n\t\t\t\t\t<\/div>\n\t\t<\/section>\n\t\t\t\t\t\t\t\t\t<\/div>\n\t\t\t<\/div>\n\t\t\t\t\t<\/div>\n\t\t","protected":false},"excerpt":{"rendered":"<p>Jorge Nazar D\u00edaz Socio Centro de Estudios del Deporte CEDEP Socio Director Ejecutivo en i+i Atomica Profesor Invitado &#8211; ICEI Universidad de Chile Director Ejecutivo &#8211; Fundaci\u00f3n M\u00e1s Industria Audiovisual +56 9 6110 2226 jnazar@cedep.cl cedep.cl Me dedico a las Comunicaciones Estrat\u00e9gicas. Llevo m\u00e1s de 24 a\u00f1os de experiencia gerencial, editorial y de producci\u00f3n en [&hellip;]<\/p>\n","protected":false},"author":1,"featured_media":139,"parent":0,"menu_order":0,"comment_status":"closed","ping_status":"closed","template":"elementor_canvas","meta":{"footnotes":""},"class_list":["post-7","page","type-page","status-publish","has-post-thumbnail","hentry"],"yoast_head":"<!-- This site is optimized with the Yoast SEO plugin v20.1 - https:\/\/yoast.com\/wordpress\/plugins\/seo\/ -->\n<title>Jorge Nazar D\u00edaz<\/title>\n<meta name=\"description\" content=\"Lidero equipos, me integro a proyectos, potencio el trabajo com\u00fan. Las RRSS y la inteligencia artificial son cardinales en las comunicaciones de hoy.\" \/>\n<meta name=\"robots\" content=\"index, follow, max-snippet:-1, max-image-preview:large, max-video-preview:-1\" \/>\n<link rel=\"canonical\" href=\"https:\/\/cedep.cl\/jnazard\/\" \/>\n<meta property=\"og:locale\" content=\"es_ES\" \/>\n<meta property=\"og:type\" content=\"article\" \/>\n<meta property=\"og:title\" content=\"Jorge Nazar D\u00edaz\" \/>\n<meta property=\"og:description\" content=\"Lidero equipos, me integro a proyectos, potencio el trabajo com\u00fan. Las RRSS y la inteligencia artificial son cardinales en las comunicaciones de hoy.\" \/>\n<meta property=\"og:url\" content=\"https:\/\/cedep.cl\/jnazard\/\" \/>\n<meta property=\"og:site_name\" content=\"Jorge Nazar D\u00edaz\" \/>\n<meta property=\"article:modified_time\" content=\"2023-02-20T14:50:42+00:00\" \/>\n<meta property=\"og:image\" content=\"http:\/\/cedep.cl\/jnazard\/wp-content\/uploads\/2023\/02\/JN.png\" \/>\n\t<meta property=\"og:image:width\" content=\"460\" \/>\n\t<meta property=\"og:image:height\" content=\"460\" \/>\n\t<meta property=\"og:image:type\" content=\"image\/png\" \/>\n<meta name=\"twitter:card\" content=\"summary_large_image\" \/>\n<meta name=\"twitter:title\" content=\"Jorge Nazar D\u00edaz\" \/>\n<meta name=\"twitter:description\" content=\"Lidero equipos, me integro a proyectos, potencio el trabajo com\u00fan. Las RRSS y la inteligencia artificial son cardinales en las comunicaciones de hoy.\" \/>\n<meta name=\"twitter:image\" content=\"https:\/\/cedep.cl\/jnazard\/wp-content\/uploads\/2023\/02\/JN.png\" \/>\n<meta name=\"twitter:label1\" content=\"Tiempo de lectura\" \/>\n\t<meta name=\"twitter:data1\" content=\"2 minutos\" \/>\n<script type=\"application\/ld+json\" class=\"yoast-schema-graph\">{\"@context\":\"https:\/\/schema.org\",\"@graph\":[{\"@type\":\"WebPage\",\"@id\":\"https:\/\/cedep.cl\/jnazard\/\",\"url\":\"https:\/\/cedep.cl\/jnazard\/\",\"name\":\"Jorge Nazar D\u00edaz\",\"isPartOf\":{\"@id\":\"https:\/\/cedep.cl\/jnazard\/#website\"},\"datePublished\":\"2023-01-26T13:32:45+00:00\",\"dateModified\":\"2023-02-20T14:50:42+00:00\",\"description\":\"Lidero equipos, me integro a proyectos, potencio el trabajo com\u00fan. Las RRSS y la inteligencia artificial son cardinales en las comunicaciones de hoy.\",\"breadcrumb\":{\"@id\":\"https:\/\/cedep.cl\/jnazard\/#breadcrumb\"},\"inLanguage\":\"es\",\"potentialAction\":[{\"@type\":\"ReadAction\",\"target\":[\"https:\/\/cedep.cl\/jnazard\/\"]}]},{\"@type\":\"BreadcrumbList\",\"@id\":\"https:\/\/cedep.cl\/jnazard\/#breadcrumb\",\"itemListElement\":[{\"@type\":\"ListItem\",\"position\":1,\"name\":\"Portada\",\"item\":\"https:\/\/cedep.cl\/jnazard\/\"},{\"@type\":\"ListItem\",\"position\":2,\"name\":\"Jorge Nazar D\u00edaz\"}]},{\"@type\":\"WebSite\",\"@id\":\"https:\/\/cedep.cl\/jnazard\/#website\",\"url\":\"https:\/\/cedep.cl\/jnazard\/\",\"name\":\"Jorge Nazar D\u00edaz\",\"description\":\"Socio Cedep \/ Socio i+i Atomica\",\"potentialAction\":[{\"@type\":\"SearchAction\",\"target\":{\"@type\":\"EntryPoint\",\"urlTemplate\":\"https:\/\/cedep.cl\/jnazard\/?s={search_term_string}\"},\"query-input\":\"required name=search_term_string\"}],\"inLanguage\":\"es\"}]}<\/script>\n<!-- \/ Yoast SEO plugin. -->","yoast_head_json":{"title":"Jorge Nazar D\u00edaz","description":"Lidero equipos, me integro a proyectos, potencio el trabajo com\u00fan. Las RRSS y la inteligencia artificial son cardinales en las comunicaciones de hoy.","robots":{"index":"index","follow":"follow","max-snippet":"max-snippet:-1","max-image-preview":"max-image-preview:large","max-video-preview":"max-video-preview:-1"},"canonical":"https:\/\/cedep.cl\/jnazard\/","og_locale":"es_ES","og_type":"article","og_title":"Jorge Nazar D\u00edaz","og_description":"Lidero equipos, me integro a proyectos, potencio el trabajo com\u00fan. Las RRSS y la inteligencia artificial son cardinales en las comunicaciones de hoy.","og_url":"https:\/\/cedep.cl\/jnazard\/","og_site_name":"Jorge Nazar D\u00edaz","article_modified_time":"2023-02-20T14:50:42+00:00","og_image":[{"width":460,"height":460,"url":"http:\/\/cedep.cl\/jnazard\/wp-content\/uploads\/2023\/02\/JN.png","type":"image\/png"}],"twitter_card":"summary_large_image","twitter_title":"Jorge Nazar D\u00edaz","twitter_description":"Lidero equipos, me integro a proyectos, potencio el trabajo com\u00fan. Las RRSS y la inteligencia artificial son cardinales en las comunicaciones de hoy.","twitter_image":"https:\/\/cedep.cl\/jnazard\/wp-content\/uploads\/2023\/02\/JN.png","twitter_misc":{"Tiempo de lectura":"2 minutos"},"schema":{"@context":"https:\/\/schema.org","@graph":[{"@type":"WebPage","@id":"https:\/\/cedep.cl\/jnazard\/","url":"https:\/\/cedep.cl\/jnazard\/","name":"Jorge Nazar D\u00edaz","isPartOf":{"@id":"https:\/\/cedep.cl\/jnazard\/#website"},"datePublished":"2023-01-26T13:32:45+00:00","dateModified":"2023-02-20T14:50:42+00:00","description":"Lidero equipos, me integro a proyectos, potencio el trabajo com\u00fan. Las RRSS y la inteligencia artificial son cardinales en las comunicaciones de hoy.","breadcrumb":{"@id":"https:\/\/cedep.cl\/jnazard\/#breadcrumb"},"inLanguage":"es","potentialAction":[{"@type":"ReadAction","target":["https:\/\/cedep.cl\/jnazard\/"]}]},{"@type":"BreadcrumbList","@id":"https:\/\/cedep.cl\/jnazard\/#breadcrumb","itemListElement":[{"@type":"ListItem","position":1,"name":"Portada","item":"https:\/\/cedep.cl\/jnazard\/"},{"@type":"ListItem","position":2,"name":"Jorge Nazar D\u00edaz"}]},{"@type":"WebSite","@id":"https:\/\/cedep.cl\/jnazard\/#website","url":"https:\/\/cedep.cl\/jnazard\/","name":"Jorge Nazar D\u00edaz","description":"Socio Cedep \/ Socio i+i Atomica","potentialAction":[{"@type":"SearchAction","target":{"@type":"EntryPoint","urlTemplate":"https:\/\/cedep.cl\/jnazard\/?s={search_term_string}"},"query-input":"required name=search_term_string"}],"inLanguage":"es"}]}},"_links":{"self":[{"href":"https:\/\/cedep.cl\/jnazard\/wp-json\/wp\/v2\/pages\/7","targetHints":{"allow":["GET"]}}],"collection":[{"href":"https:\/\/cedep.cl\/jnazard\/wp-json\/wp\/v2\/pages"}],"about":[{"href":"https:\/\/cedep.cl\/jnazard\/wp-json\/wp\/v2\/types\/page"}],"author":[{"embeddable":true,"href":"https:\/\/cedep.cl\/jnazard\/wp-json\/wp\/v2\/users\/1"}],"replies":[{"embeddable":true,"href":"https:\/\/cedep.cl\/jnazard\/wp-json\/wp\/v2\/comments?post=7"}],"version-history":[{"count":155,"href":"https:\/\/cedep.cl\/jnazard\/wp-json\/wp\/v2\/pages\/7\/revisions"}],"predecessor-version":[{"id":196,"href":"https:\/\/cedep.cl\/jnazard\/wp-json\/wp\/v2\/pages\/7\/revisions\/196"}],"wp:featuredmedia":[{"embeddable":true,"href":"https:\/\/cedep.cl\/jnazard\/wp-json\/wp\/v2\/media\/139"}],"wp:attachment":[{"href":"https:\/\/cedep.cl\/jnazard\/wp-json\/wp\/v2\/media?parent=7"}],"curies":[{"name":"wp","href":"https:\/\/api.w.org\/{rel}","templated":true}]}}