{"id":7,"date":"2023-01-26T13:32:45","date_gmt":"2023-01-26T13:32:45","guid":{"rendered":"https:\/\/cedep.cl\/aoyarzuna\/?page_id=7"},"modified":"2023-02-10T15:00:26","modified_gmt":"2023-02-10T15:00:26","slug":"andrea-oyarzun","status":"publish","type":"page","link":"https:\/\/cedep.cl\/aoyarzuna\/","title":{"rendered":"Andrea Oyarz\u00fan Alvarado"},"content":{"rendered":"\t\t<div data-elementor-type=\"wp-page\" data-elementor-id=\"7\" class=\"elementor elementor-7\">\n\t\t\t\t\t\t<div class=\"elementor-inner\">\n\t\t\t\t<div class=\"elementor-section-wrap\">\n\t\t\t\t\t\t\t\t\t<section class=\"elementor-section elementor-top-section elementor-element elementor-element-960162e elementor-section-boxed elementor-section-height-default elementor-section-height-default\" data-id=\"960162e\" data-element_type=\"section\" data-settings=\"{&quot;background_background&quot;:&quot;classic&quot;}\">\n\t\t\t\t\t\t<div class=\"elementor-container elementor-column-gap-default\">\n\t\t\t\t\t\t\t<div class=\"elementor-row\">\n\t\t\t\t\t<div class=\"elementor-column elementor-col-100 elementor-top-column elementor-element elementor-element-f475fff\" data-id=\"f475fff\" data-element_type=\"column\">\n\t\t\t<div class=\"elementor-column-wrap elementor-element-populated\">\n\t\t\t\t\t\t\t<div class=\"elementor-widget-wrap\">\n\t\t\t\t\t\t<section class=\"elementor-section elementor-inner-section elementor-element elementor-element-c01e5e0 elementor-section-full_width elementor-section-height-default elementor-section-height-default\" data-id=\"c01e5e0\" data-element_type=\"section\">\n\t\t\t\t\t\t<div class=\"elementor-container elementor-column-gap-default\">\n\t\t\t\t\t\t\t<div class=\"elementor-row\">\n\t\t\t\t\t<div class=\"elementor-column elementor-col-50 elementor-inner-column elementor-element elementor-element-62c37e6\" data-id=\"62c37e6\" data-element_type=\"column\">\n\t\t\t<div class=\"elementor-column-wrap elementor-element-populated\">\n\t\t\t\t\t\t\t<div class=\"elementor-widget-wrap\">\n\t\t\t\t\t\t<div class=\"elementor-element elementor-element-111c0d5 elementor-widget elementor-widget-image\" data-id=\"111c0d5\" data-element_type=\"widget\" data-widget_type=\"image.default\">\n\t\t\t\t<div class=\"elementor-widget-container\">\n\t\t\t\t\t\t\t\t<div class=\"elementor-image\">\n\t\t\t\t\t\t\t\t\t\t\t\t<img loading=\"lazy\" decoding=\"async\" width=\"211\" height=\"211\" src=\"https:\/\/cedep.cl\/aoyarzuna\/wp-content\/uploads\/2023\/02\/andrea00.png\" class=\"attachment-full size-full wp-image-294\" alt=\"\" srcset=\"https:\/\/cedep.cl\/aoyarzuna\/wp-content\/uploads\/2023\/02\/andrea00.png 211w, https:\/\/cedep.cl\/aoyarzuna\/wp-content\/uploads\/2023\/02\/andrea00-150x150.png 150w\" sizes=\"auto, (max-width: 211px) 100vw, 211px\" \/>\t\t\t\t\t\t\t\t\t\t\t\t\t\t<\/div>\n\t\t\t\t\t\t<\/div>\n\t\t\t\t<\/div>\n\t\t\t\t\t\t<\/div>\n\t\t\t\t\t<\/div>\n\t\t<\/div>\n\t\t\t\t<div class=\"elementor-column elementor-col-50 elementor-inner-column elementor-element elementor-element-62bb398\" data-id=\"62bb398\" data-element_type=\"column\">\n\t\t\t<div class=\"elementor-column-wrap elementor-element-populated\">\n\t\t\t\t\t\t\t<div class=\"elementor-widget-wrap\">\n\t\t\t\t\t\t<div class=\"elementor-element elementor-element-662cac1 elementor-widget elementor-widget-heading\" data-id=\"662cac1\" data-element_type=\"widget\" data-widget_type=\"heading.default\">\n\t\t\t\t<div class=\"elementor-widget-container\">\n\t\t\t<h2 class=\"elementor-heading-title elementor-size-default\">Andrea Oyarz\u00fan Alvarado<\/h2>\t\t<\/div>\n\t\t\t\t<\/div>\n\t\t\t\t<div class=\"elementor-element elementor-element-3e02585 elementor-widget elementor-widget-text-editor\" data-id=\"3e02585\" data-element_type=\"widget\" data-widget_type=\"text-editor.default\">\n\t\t\t\t<div class=\"elementor-widget-container\">\n\t\t\t\t\t\t\t\t<div class=\"elementor-text-editor elementor-clearfix\">\n\t\t\t\t<ul><li style=\"text-align: left;\">Desarrollo de Nuevos Negocios en Centro de Estudios del Deporte, CEDEP. Lanzamientos libros deportivos, eventos, bibliocedep, registro de F\u00fatbol, consultor\u00edas.<\/li><li style=\"text-align: left;\">Creaci\u00f3n de contenidos y gesti\u00f3n ventas en Mesa de Ideas.<\/li><li style=\"text-align: left;\">Venta de Programas en Radio Cooperativa de Entreligas.<\/li><li style=\"text-align: left;\">Productora audiovisual.<\/li><\/ul>\t\t\t\t\t<\/div>\n\t\t\t\t\t\t<\/div>\n\t\t\t\t<\/div>\n\t\t\t\t<div class=\"elementor-element elementor-element-5d07b20 elementor-icon-list--layout-inline elementor-mobile-align-center elementor-list-item-link-full_width elementor-widget elementor-widget-icon-list\" data-id=\"5d07b20\" data-element_type=\"widget\" data-widget_type=\"icon-list.default\">\n\t\t\t\t<div class=\"elementor-widget-container\">\n\t\t\t\t\t<ul class=\"elementor-icon-list-items elementor-inline-items\">\n\t\t\t\t\t\t\t<li class=\"elementor-icon-list-item elementor-inline-item\">\n\t\t\t\t\t\t\t\t\t\t\t<a href=\"tel:+56992094178\">\n\n\t\t\t\t\t\t\t\t\t\t\t\t<span class=\"elementor-icon-list-icon\">\n\t\t\t\t\t\t\t<i aria-hidden=\"true\" class=\"fas fa-phone-volume\"><\/i>\t\t\t\t\t\t<\/span>\n\t\t\t\t\t\t\t\t\t\t<span class=\"elementor-icon-list-text\">+56 9 9209 4178<\/span>\n\t\t\t\t\t\t\t\t\t\t\t<\/a>\n\t\t\t\t\t\t\t\t\t<\/li>\n\t\t\t\t\t\t\t\t<li class=\"elementor-icon-list-item elementor-inline-item\">\n\t\t\t\t\t\t\t\t\t\t\t<a href=\"mailto:aoyarzun@cedep.cl\">\n\n\t\t\t\t\t\t\t\t\t\t\t\t<span class=\"elementor-icon-list-icon\">\n\t\t\t\t\t\t\t<i aria-hidden=\"true\" class=\"fas fa-envelope\"><\/i>\t\t\t\t\t\t<\/span>\n\t\t\t\t\t\t\t\t\t\t<span class=\"elementor-icon-list-text\">aoyarzun@cedep.cl<\/span>\n\t\t\t\t\t\t\t\t\t\t\t<\/a>\n\t\t\t\t\t\t\t\t\t<\/li>\n\t\t\t\t\t\t\t\t<li class=\"elementor-icon-list-item elementor-inline-item\">\n\t\t\t\t\t\t\t\t\t\t\t<a href=\"https:\/\/cedep.cl\/\">\n\n\t\t\t\t\t\t\t\t\t\t\t\t<span class=\"elementor-icon-list-icon\">\n\t\t\t\t\t\t\t<i aria-hidden=\"true\" class=\"fab fa-dribbble\"><\/i>\t\t\t\t\t\t<\/span>\n\t\t\t\t\t\t\t\t\t\t<span class=\"elementor-icon-list-text\">cedep.cl<\/span>\n\t\t\t\t\t\t\t\t\t\t\t<\/a>\n\t\t\t\t\t\t\t\t\t<\/li>\n\t\t\t\t\t\t<\/ul>\n\t\t\t\t<\/div>\n\t\t\t\t<\/div>\n\t\t\t\t\t\t<\/div>\n\t\t\t\t\t<\/div>\n\t\t<\/div>\n\t\t\t\t\t\t\t\t<\/div>\n\t\t\t\t\t<\/div>\n\t\t<\/section>\n\t\t\t\t\t\t<\/div>\n\t\t\t\t\t<\/div>\n\t\t<\/div>\n\t\t\t\t\t\t\t\t<\/div>\n\t\t\t\t\t<\/div>\n\t\t<\/section>\n\t\t\t\t<section class=\"elementor-section elementor-top-section elementor-element elementor-element-b09339f elementor-section-boxed elementor-section-height-default elementor-section-height-default\" data-id=\"b09339f\" data-element_type=\"section\">\n\t\t\t\t\t\t<div class=\"elementor-container elementor-column-gap-default\">\n\t\t\t\t\t\t\t<div class=\"elementor-row\">\n\t\t\t\t\t<div class=\"elementor-column elementor-col-100 elementor-top-column elementor-element elementor-element-cbd68d5\" data-id=\"cbd68d5\" data-element_type=\"column\">\n\t\t\t<div class=\"elementor-column-wrap elementor-element-populated\">\n\t\t\t\t\t\t\t<div class=\"elementor-widget-wrap\">\n\t\t\t\t\t\t<div class=\"elementor-element elementor-element-769fef4 elementor-widget elementor-widget-text-editor\" data-id=\"769fef4\" data-element_type=\"widget\" data-widget_type=\"text-editor.default\">\n\t\t\t\t<div class=\"elementor-widget-container\">\n\t\t\t\t\t\t\t\t<div class=\"elementor-text-editor elementor-clearfix\">\n\t\t\t\t<p>Negocios y proyectos<\/p><ul><li>1962 libro personalizado para empresas de im\u00e1genes in\u00e9ditas del mundial.<\/li><li>Programas Partidarios en alairelibre.cl &#8211; Radio Cooperativa.<\/li><li>LeoLover<\/li><li>Bibliocedep con m\u00e1s de 16.000 t\u00edtulos de libros deportivos.<\/li><li>VinoLover<\/li><li>Hace tu propio libro deportivo.<\/li><li>Evento FempowerCup f\u00fatbol mujeres.<\/li><li>Evento Fundamor Colegio Saint George&#8217;s<\/li><li>Haza\u00f1a serie audiovisual Paraol\u00edmpicos.<\/li><li>Registro F\u00fatbol<\/li><li>Comercializaci\u00f3n Libros Primera B; Latidos Cruzados; 120 Hitos; Nicol\u00e1s Massu.<\/li><li>Peque\u00f1as Armas.<\/li><\/ul>\t\t\t\t\t<\/div>\n\t\t\t\t\t\t<\/div>\n\t\t\t\t<\/div>\n\t\t\t\t\t\t<\/div>\n\t\t\t\t\t<\/div>\n\t\t<\/div>\n\t\t\t\t\t\t\t\t<\/div>\n\t\t\t\t\t<\/div>\n\t\t<\/section>\n\t\t\t\t<section class=\"elementor-section elementor-top-section elementor-element elementor-element-da44bc5 elementor-section-boxed elementor-section-height-default elementor-section-height-default\" data-id=\"da44bc5\" data-element_type=\"section\">\n\t\t\t\t\t\t<div class=\"elementor-container elementor-column-gap-default\">\n\t\t\t\t\t\t\t<div class=\"elementor-row\">\n\t\t\t\t\t<div class=\"elementor-column elementor-col-25 elementor-top-column elementor-element elementor-element-805f671\" data-id=\"805f671\" data-element_type=\"column\">\n\t\t\t<div class=\"elementor-column-wrap elementor-element-populated\">\n\t\t\t\t\t\t\t<div class=\"elementor-widget-wrap\">\n\t\t\t\t\t\t<div class=\"elementor-element elementor-element-661627c elementor-widget elementor-widget-image\" data-id=\"661627c\" data-element_type=\"widget\" data-widget_type=\"image.default\">\n\t\t\t\t<div class=\"elementor-widget-container\">\n\t\t\t\t\t\t\t\t<div class=\"elementor-image\">\n\t\t\t\t\t\t\t\t\t\t\t\t\t<a href=\"https:\/\/entreligas.cl\/\">\n\t\t\t\t\t\t\t<img loading=\"lazy\" decoding=\"async\" width=\"665\" height=\"649\" src=\"https:\/\/cedep.cl\/aoyarzuna\/wp-content\/uploads\/2023\/02\/Entreligas-Logotipo-01.png\" class=\"attachment-large size-large wp-image-280\" alt=\"\" srcset=\"https:\/\/cedep.cl\/aoyarzuna\/wp-content\/uploads\/2023\/02\/Entreligas-Logotipo-01.png 665w, https:\/\/cedep.cl\/aoyarzuna\/wp-content\/uploads\/2023\/02\/Entreligas-Logotipo-01-300x293.png 300w\" sizes=\"auto, (max-width: 665px) 100vw, 665px\" \/>\t\t\t\t\t\t\t\t<\/a>\n\t\t\t\t\t\t\t\t\t\t\t\t\t\t<\/div>\n\t\t\t\t\t\t<\/div>\n\t\t\t\t<\/div>\n\t\t\t\t\t\t<\/div>\n\t\t\t\t\t<\/div>\n\t\t<\/div>\n\t\t\t\t<div class=\"elementor-column elementor-col-25 elementor-top-column elementor-element elementor-element-8210431\" data-id=\"8210431\" data-element_type=\"column\">\n\t\t\t<div class=\"elementor-column-wrap elementor-element-populated\">\n\t\t\t\t\t\t\t<div class=\"elementor-widget-wrap\">\n\t\t\t\t\t\t<div class=\"elementor-element elementor-element-c79db3c elementor-widget elementor-widget-image\" data-id=\"c79db3c\" data-element_type=\"widget\" data-widget_type=\"image.default\">\n\t\t\t\t<div class=\"elementor-widget-container\">\n\t\t\t\t\t\t\t\t<div class=\"elementor-image\">\n\t\t\t\t\t\t\t\t\t\t\t\t\t<a href=\"https:\/\/mesadeideas.cl\/\">\n\t\t\t\t\t\t\t<img loading=\"lazy\" decoding=\"async\" width=\"920\" height=\"257\" src=\"https:\/\/cedep.cl\/aoyarzuna\/wp-content\/uploads\/2023\/02\/mesadeideas2.png\" class=\"attachment-full size-full wp-image-127\" alt=\"\" srcset=\"https:\/\/cedep.cl\/aoyarzuna\/wp-content\/uploads\/2023\/02\/mesadeideas2.png 920w, https:\/\/cedep.cl\/aoyarzuna\/wp-content\/uploads\/2023\/02\/mesadeideas2-300x84.png 300w, https:\/\/cedep.cl\/aoyarzuna\/wp-content\/uploads\/2023\/02\/mesadeideas2-768x215.png 768w\" sizes=\"auto, (max-width: 920px) 100vw, 920px\" \/>\t\t\t\t\t\t\t\t<\/a>\n\t\t\t\t\t\t\t\t\t\t\t\t\t\t<\/div>\n\t\t\t\t\t\t<\/div>\n\t\t\t\t<\/div>\n\t\t\t\t\t\t<\/div>\n\t\t\t\t\t<\/div>\n\t\t<\/div>\n\t\t\t\t<div class=\"elementor-column elementor-col-25 elementor-top-column elementor-element elementor-element-3c01585\" data-id=\"3c01585\" data-element_type=\"column\">\n\t\t\t<div class=\"elementor-column-wrap elementor-element-populated\">\n\t\t\t\t\t\t\t<div class=\"elementor-widget-wrap\">\n\t\t\t\t\t\t<div class=\"elementor-element elementor-element-5b8a83a elementor-widget elementor-widget-image\" data-id=\"5b8a83a\" data-element_type=\"widget\" data-widget_type=\"image.default\">\n\t\t\t\t<div class=\"elementor-widget-container\">\n\t\t\t\t\t\t\t\t<div class=\"elementor-image\">\n\t\t\t\t\t\t\t\t\t\t\t\t\t<a href=\"https:\/\/www.cedep.cl\/\">\n\t\t\t\t\t\t\t<img loading=\"lazy\" decoding=\"async\" width=\"3852\" height=\"3794\" src=\"https:\/\/cedep.cl\/aoyarzuna\/wp-content\/uploads\/2023\/01\/logo-cedep-WEB.png\" class=\"attachment-full size-full wp-image-62\" alt=\"\" srcset=\"https:\/\/cedep.cl\/aoyarzuna\/wp-content\/uploads\/2023\/01\/logo-cedep-WEB.png 3852w, https:\/\/cedep.cl\/aoyarzuna\/wp-content\/uploads\/2023\/01\/logo-cedep-WEB-300x295.png 300w, https:\/\/cedep.cl\/aoyarzuna\/wp-content\/uploads\/2023\/01\/logo-cedep-WEB-1024x1009.png 1024w, https:\/\/cedep.cl\/aoyarzuna\/wp-content\/uploads\/2023\/01\/logo-cedep-WEB-768x756.png 768w, https:\/\/cedep.cl\/aoyarzuna\/wp-content\/uploads\/2023\/01\/logo-cedep-WEB-1536x1513.png 1536w, https:\/\/cedep.cl\/aoyarzuna\/wp-content\/uploads\/2023\/01\/logo-cedep-WEB-2048x2017.png 2048w\" sizes=\"auto, (max-width: 3852px) 100vw, 3852px\" \/>\t\t\t\t\t\t\t\t<\/a>\n\t\t\t\t\t\t\t\t\t\t\t\t\t\t<\/div>\n\t\t\t\t\t\t<\/div>\n\t\t\t\t<\/div>\n\t\t\t\t\t\t<\/div>\n\t\t\t\t\t<\/div>\n\t\t<\/div>\n\t\t\t\t<div class=\"elementor-column elementor-col-25 elementor-top-column elementor-element elementor-element-922c92a\" data-id=\"922c92a\" data-element_type=\"column\">\n\t\t\t<div class=\"elementor-column-wrap\">\n\t\t\t\t\t\t\t<div class=\"elementor-widget-wrap\">\n\t\t\t\t\t\t\t\t<\/div>\n\t\t\t\t\t<\/div>\n\t\t<\/div>\n\t\t\t\t\t\t\t\t<\/div>\n\t\t\t\t\t<\/div>\n\t\t<\/section>\n\t\t\t\t<section class=\"elementor-section elementor-top-section elementor-element elementor-element-9bca86c elementor-section-boxed elementor-section-height-default elementor-section-height-default\" data-id=\"9bca86c\" data-element_type=\"section\">\n\t\t\t\t\t\t<div class=\"elementor-container elementor-column-gap-default\">\n\t\t\t\t\t\t\t<div class=\"elementor-row\">\n\t\t\t\t\t<div class=\"elementor-column elementor-col-33 elementor-top-column elementor-element elementor-element-9eeaf32\" data-id=\"9eeaf32\" data-element_type=\"column\">\n\t\t\t<div class=\"elementor-column-wrap elementor-element-populated\">\n\t\t\t\t\t\t\t<div class=\"elementor-widget-wrap\">\n\t\t\t\t\t\t<div class=\"elementor-element elementor-element-d0b4418 elementor-view-default elementor-widget elementor-widget-icon\" data-id=\"d0b4418\" data-element_type=\"widget\" data-widget_type=\"icon.default\">\n\t\t\t\t<div class=\"elementor-widget-container\">\n\t\t\t\t\t<div class=\"elementor-icon-wrapper\">\n\t\t\t<a class=\"elementor-icon\" href=\"https:\/\/www.instagram.com\/cedepchile\/\">\n\t\t\t<i aria-hidden=\"true\" class=\"fab fa-instagram\"><\/i>\t\t\t<\/a>\n\t\t<\/div>\n\t\t\t\t<\/div>\n\t\t\t\t<\/div>\n\t\t\t\t\t\t<\/div>\n\t\t\t\t\t<\/div>\n\t\t<\/div>\n\t\t\t\t<div class=\"elementor-column elementor-col-33 elementor-top-column elementor-element elementor-element-5de2bab\" data-id=\"5de2bab\" data-element_type=\"column\">\n\t\t\t<div class=\"elementor-column-wrap elementor-element-populated\">\n\t\t\t\t\t\t\t<div class=\"elementor-widget-wrap\">\n\t\t\t\t\t\t<div class=\"elementor-element elementor-element-c1def7e elementor-view-default elementor-widget elementor-widget-icon\" data-id=\"c1def7e\" data-element_type=\"widget\" data-widget_type=\"icon.default\">\n\t\t\t\t<div class=\"elementor-widget-container\">\n\t\t\t\t\t<div class=\"elementor-icon-wrapper\">\n\t\t\t<a class=\"elementor-icon\" href=\"https:\/\/twitter.com\/ChileCedep\">\n\t\t\t<i aria-hidden=\"true\" class=\"fab fa-twitter\"><\/i>\t\t\t<\/a>\n\t\t<\/div>\n\t\t\t\t<\/div>\n\t\t\t\t<\/div>\n\t\t\t\t\t\t<\/div>\n\t\t\t\t\t<\/div>\n\t\t<\/div>\n\t\t\t\t<div class=\"elementor-column elementor-col-33 elementor-top-column elementor-element elementor-element-9f0546b\" data-id=\"9f0546b\" data-element_type=\"column\">\n\t\t\t<div class=\"elementor-column-wrap elementor-element-populated\">\n\t\t\t\t\t\t\t<div class=\"elementor-widget-wrap\">\n\t\t\t\t\t\t<div class=\"elementor-element elementor-element-2d05e70 elementor-view-default elementor-widget elementor-widget-icon\" data-id=\"2d05e70\" data-element_type=\"widget\" data-widget_type=\"icon.default\">\n\t\t\t\t<div class=\"elementor-widget-container\">\n\t\t\t\t\t<div class=\"elementor-icon-wrapper\">\n\t\t\t<a class=\"elementor-icon\" href=\"https:\/\/www.linkedin.com\/company\/cedepchile\/\">\n\t\t\t<i aria-hidden=\"true\" class=\"fab fa-linkedin-in\"><\/i>\t\t\t<\/a>\n\t\t<\/div>\n\t\t\t\t<\/div>\n\t\t\t\t<\/div>\n\t\t\t\t\t\t<\/div>\n\t\t\t\t\t<\/div>\n\t\t<\/div>\n\t\t\t\t\t\t\t\t<\/div>\n\t\t\t\t\t<\/div>\n\t\t<\/section>\n\t\t\t\t\t\t\t\t\t<\/div>\n\t\t\t<\/div>\n\t\t\t\t\t<\/div>\n\t\t","protected":false},"excerpt":{"rendered":"<p>Andrea Oyarz\u00fan Alvarado Desarrollo de Nuevos Negocios en Centro de Estudios del Deporte, CEDEP. Lanzamientos libros deportivos, eventos, bibliocedep, registro de F\u00fatbol, consultor\u00edas. Creaci\u00f3n de contenidos y gesti\u00f3n ventas en Mesa de Ideas. Venta de Programas en Radio Cooperativa de Entreligas. Productora audiovisual. +56 9 9209 4178 aoyarzun@cedep.cl cedep.cl Negocios y proyectos 1962 libro personalizado [&hellip;]<\/p>\n","protected":false},"author":1,"featured_media":221,"parent":0,"menu_order":0,"comment_status":"closed","ping_status":"closed","template":"elementor_canvas","meta":{"footnotes":""},"class_list":["post-7","page","type-page","status-publish","has-post-thumbnail","hentry"],"yoast_head":"<!-- This site is optimized with the Yoast SEO plugin v20.1 - https:\/\/yoast.com\/wordpress\/plugins\/seo\/ -->\n<title>Andrea Oyarz\u00fan Alavarado<\/title>\n<meta name=\"description\" content=\"Comunicadora Audiovisual con estudio de post grado en comunicaci\u00f3n y marketing. Con experiencia en ventas y producci\u00f3n. Con habilidades para manejo de equipos de trabajo, buenas relaciones interpersonales, facilidades para adaptarse a nuevos desaf\u00edos.\" \/>\n<meta name=\"robots\" content=\"index, follow, max-snippet:-1, max-image-preview:large, max-video-preview:-1\" \/>\n<link rel=\"canonical\" href=\"https:\/\/cedep.cl\/aoyarzuna\/\" \/>\n<meta property=\"og:locale\" content=\"es_ES\" \/>\n<meta property=\"og:type\" content=\"article\" \/>\n<meta property=\"og:title\" content=\"Andrea Oyarz\u00fan Alavarado\" \/>\n<meta property=\"og:description\" content=\"Comunicadora Audiovisual con estudio de post grado en comunicaci\u00f3n y marketing. Con experiencia en ventas y producci\u00f3n. Con habilidades para manejo de equipos de trabajo, buenas relaciones interpersonales, facilidades para adaptarse a nuevos desaf\u00edos.\" \/>\n<meta property=\"og:url\" content=\"https:\/\/cedep.cl\/aoyarzuna\/\" \/>\n<meta property=\"og:site_name\" content=\"Andrea Oyarz\u00fan Alavarado\" \/>\n<meta property=\"article:modified_time\" content=\"2023-02-10T15:00:26+00:00\" \/>\n<meta property=\"og:image\" content=\"https:\/\/cedep.cl\/aoyarzuna\/wp-content\/uploads\/2023\/02\/andrea.png\" \/>\n\t<meta property=\"og:image:width\" content=\"270\" \/>\n\t<meta property=\"og:image:height\" content=\"270\" \/>\n\t<meta property=\"og:image:type\" content=\"image\/png\" \/>\n<meta name=\"twitter:card\" content=\"summary_large_image\" \/>\n<meta name=\"twitter:title\" content=\"Andrea Oyarz\u00fan Alavarado\" \/>\n<meta name=\"twitter:description\" content=\"Comunicadora Audiovisual con estudio de post grado en comunicaci\u00f3n y marketing. Con experiencia en ventas y producci\u00f3n. Con habilidades para manejo de equipos de trabajo, buenas relaciones interpersonales, facilidades para adaptarse a nuevos desaf\u00edos.\" \/>\n<meta name=\"twitter:image\" content=\"https:\/\/cedep.cl\/aoyarzuna\/wp-content\/uploads\/2023\/02\/andrea.png\" \/>\n<meta name=\"twitter:label1\" content=\"Tiempo de lectura\" \/>\n\t<meta name=\"twitter:data1\" content=\"2 minutos\" \/>\n<script type=\"application\/ld+json\" class=\"yoast-schema-graph\">{\"@context\":\"https:\/\/schema.org\",\"@graph\":[{\"@type\":\"WebPage\",\"@id\":\"https:\/\/cedep.cl\/aoyarzuna\/\",\"url\":\"https:\/\/cedep.cl\/aoyarzuna\/\",\"name\":\"Andrea Oyarz\u00fan Alavarado\",\"isPartOf\":{\"@id\":\"https:\/\/cedep.cl\/aoyarzuna\/#website\"},\"datePublished\":\"2023-01-26T13:32:45+00:00\",\"dateModified\":\"2023-02-10T15:00:26+00:00\",\"description\":\"Comunicadora Audiovisual con estudio de post grado en comunicaci\u00f3n y marketing. Con experiencia en ventas y producci\u00f3n. Con habilidades para manejo de equipos de trabajo, buenas relaciones interpersonales, facilidades para adaptarse a nuevos desaf\u00edos.\",\"breadcrumb\":{\"@id\":\"https:\/\/cedep.cl\/aoyarzuna\/#breadcrumb\"},\"inLanguage\":\"es\",\"potentialAction\":[{\"@type\":\"ReadAction\",\"target\":[\"https:\/\/cedep.cl\/aoyarzuna\/\"]}]},{\"@type\":\"BreadcrumbList\",\"@id\":\"https:\/\/cedep.cl\/aoyarzuna\/#breadcrumb\",\"itemListElement\":[{\"@type\":\"ListItem\",\"position\":1,\"name\":\"Portada\",\"item\":\"https:\/\/cedep.cl\/aoyarzuna\/\"},{\"@type\":\"ListItem\",\"position\":2,\"name\":\"Andrea Oyarz\u00fan Alvarado\"}]},{\"@type\":\"WebSite\",\"@id\":\"https:\/\/cedep.cl\/aoyarzuna\/#website\",\"url\":\"https:\/\/cedep.cl\/aoyarzuna\/\",\"name\":\"Andrea Oyarz\u00fan Alavarado\",\"description\":\"Centro de Estudios del Deporte\",\"potentialAction\":[{\"@type\":\"SearchAction\",\"target\":{\"@type\":\"EntryPoint\",\"urlTemplate\":\"https:\/\/cedep.cl\/aoyarzuna\/?s={search_term_string}\"},\"query-input\":\"required name=search_term_string\"}],\"inLanguage\":\"es\"}]}<\/script>\n<!-- \/ Yoast SEO plugin. -->","yoast_head_json":{"title":"Andrea Oyarz\u00fan Alavarado","description":"Comunicadora Audiovisual con estudio de post grado en comunicaci\u00f3n y marketing. Con experiencia en ventas y producci\u00f3n. Con habilidades para manejo de equipos de trabajo, buenas relaciones interpersonales, facilidades para adaptarse a nuevos desaf\u00edos.","robots":{"index":"index","follow":"follow","max-snippet":"max-snippet:-1","max-image-preview":"max-image-preview:large","max-video-preview":"max-video-preview:-1"},"canonical":"https:\/\/cedep.cl\/aoyarzuna\/","og_locale":"es_ES","og_type":"article","og_title":"Andrea Oyarz\u00fan Alavarado","og_description":"Comunicadora Audiovisual con estudio de post grado en comunicaci\u00f3n y marketing. Con experiencia en ventas y producci\u00f3n. Con habilidades para manejo de equipos de trabajo, buenas relaciones interpersonales, facilidades para adaptarse a nuevos desaf\u00edos.","og_url":"https:\/\/cedep.cl\/aoyarzuna\/","og_site_name":"Andrea Oyarz\u00fan Alavarado","article_modified_time":"2023-02-10T15:00:26+00:00","og_image":[{"width":270,"height":270,"url":"https:\/\/cedep.cl\/aoyarzuna\/wp-content\/uploads\/2023\/02\/andrea.png","type":"image\/png"}],"twitter_card":"summary_large_image","twitter_title":"Andrea Oyarz\u00fan Alavarado","twitter_description":"Comunicadora Audiovisual con estudio de post grado en comunicaci\u00f3n y marketing. Con experiencia en ventas y producci\u00f3n. Con habilidades para manejo de equipos de trabajo, buenas relaciones interpersonales, facilidades para adaptarse a nuevos desaf\u00edos.","twitter_image":"https:\/\/cedep.cl\/aoyarzuna\/wp-content\/uploads\/2023\/02\/andrea.png","twitter_misc":{"Tiempo de lectura":"2 minutos"},"schema":{"@context":"https:\/\/schema.org","@graph":[{"@type":"WebPage","@id":"https:\/\/cedep.cl\/aoyarzuna\/","url":"https:\/\/cedep.cl\/aoyarzuna\/","name":"Andrea Oyarz\u00fan Alavarado","isPartOf":{"@id":"https:\/\/cedep.cl\/aoyarzuna\/#website"},"datePublished":"2023-01-26T13:32:45+00:00","dateModified":"2023-02-10T15:00:26+00:00","description":"Comunicadora Audiovisual con estudio de post grado en comunicaci\u00f3n y marketing. Con experiencia en ventas y producci\u00f3n. Con habilidades para manejo de equipos de trabajo, buenas relaciones interpersonales, facilidades para adaptarse a nuevos desaf\u00edos.","breadcrumb":{"@id":"https:\/\/cedep.cl\/aoyarzuna\/#breadcrumb"},"inLanguage":"es","potentialAction":[{"@type":"ReadAction","target":["https:\/\/cedep.cl\/aoyarzuna\/"]}]},{"@type":"BreadcrumbList","@id":"https:\/\/cedep.cl\/aoyarzuna\/#breadcrumb","itemListElement":[{"@type":"ListItem","position":1,"name":"Portada","item":"https:\/\/cedep.cl\/aoyarzuna\/"},{"@type":"ListItem","position":2,"name":"Andrea Oyarz\u00fan Alvarado"}]},{"@type":"WebSite","@id":"https:\/\/cedep.cl\/aoyarzuna\/#website","url":"https:\/\/cedep.cl\/aoyarzuna\/","name":"Andrea Oyarz\u00fan Alavarado","description":"Centro de Estudios del Deporte","potentialAction":[{"@type":"SearchAction","target":{"@type":"EntryPoint","urlTemplate":"https:\/\/cedep.cl\/aoyarzuna\/?s={search_term_string}"},"query-input":"required name=search_term_string"}],"inLanguage":"es"}]}},"_links":{"self":[{"href":"https:\/\/cedep.cl\/aoyarzuna\/wp-json\/wp\/v2\/pages\/7","targetHints":{"allow":["GET"]}}],"collection":[{"href":"https:\/\/cedep.cl\/aoyarzuna\/wp-json\/wp\/v2\/pages"}],"about":[{"href":"https:\/\/cedep.cl\/aoyarzuna\/wp-json\/wp\/v2\/types\/page"}],"author":[{"embeddable":true,"href":"https:\/\/cedep.cl\/aoyarzuna\/wp-json\/wp\/v2\/users\/1"}],"replies":[{"embeddable":true,"href":"https:\/\/cedep.cl\/aoyarzuna\/wp-json\/wp\/v2\/comments?post=7"}],"version-history":[{"count":253,"href":"https:\/\/cedep.cl\/aoyarzuna\/wp-json\/wp\/v2\/pages\/7\/revisions"}],"predecessor-version":[{"id":306,"href":"https:\/\/cedep.cl\/aoyarzuna\/wp-json\/wp\/v2\/pages\/7\/revisions\/306"}],"wp:featuredmedia":[{"embeddable":true,"href":"https:\/\/cedep.cl\/aoyarzuna\/wp-json\/wp\/v2\/media\/221"}],"wp:attachment":[{"href":"https:\/\/cedep.cl\/aoyarzuna\/wp-json\/wp\/v2\/media?parent=7"}],"curies":[{"name":"wp","href":"https:\/\/api.w.org\/{rel}","templated":true}]}}